{"id":1815,"date":"2026-02-21T01:03:04","date_gmt":"2026-02-21T01:03:04","guid":{"rendered":"https:\/\/estrategiacima.com\/home\/"},"modified":"2026-03-23T04:57:20","modified_gmt":"2026-03-23T04:57:20","slug":"home","status":"publish","type":"page","link":"https:\/\/estrategiacima.com\/en\/","title":{"rendered":"Home"},"content":{"rendered":"<div class=\"wp-block-uagb-container uagb-block-a547bfb9 alignfull uagb-is-root-container\">\n<div class=\"wp-block-uagb-advanced-heading uagb-block-447481e4\"><h1 class=\"uagb-heading-text\">Consulting in Finance, Auditing and Digital Strategy<\/h1><\/div>\n\n\n\n<div class=\"wp-block-uagb-advanced-heading uagb-block-5383f0f9\"><h2 class=\"uagb-heading-text\">Boost your business with strategic decisions<\/h2><\/div>\n\n\n\n<div class=\"wp-block-columns is-layout-flex wp-container-core-columns-is-layout-28f84493 wp-block-columns-is-layout-flex\">\n<div class=\"wp-block-column is-layout-flow wp-block-column-is-layout-flow\" style=\"flex-basis:50%\">\n<p class=\"has-ast-global-color-5-color has-text-color has-link-color wp-elements-6a8850ed33937193e4b05dbea8fed577\">Help companies create value and ensure their regulatory compliance<\/p>\n<\/div>\n\n\n\n<div class=\"wp-block-column is-layout-flow wp-block-column-is-layout-flow\" style=\"flex-basis:50%\"><\/div>\n<\/div>\n\n\n\n<div style=\"height:20px\" aria-hidden=\"true\" class=\"wp-block-spacer\"><\/div>\n\n\n\n<div class=\"wp-block-uagb-buttons uagb-buttons__outer-wrap uagb-btn__default-btn uagb-btn-tablet__default-btn uagb-btn-mobile__default-btn uagb-block-1fb38f72\"><div class=\"uagb-buttons__wrap uagb-buttons-layout-wrap\">\n<div class=\"wp-block-uagb-buttons-child uagb-buttons__outer-wrap uagb-block-c0ffa5ea wp-block-button is-style-outline\"><div class=\"uagb-button__wrapper\"><a class=\"uagb-buttons-repeater wp-block-button__link\" aria-label=\"\" href=\"https:\/\/estrategiacima.com\/en\/contacto\/\" rel=\"follow noopener\" target=\"_self\" role=\"button\"><div class=\"uagb-button__link\">Agenda for preliminary analysis<\/div><span class=\"uagb-button__icon uagb-button__icon-position-after\"><svg xmlns=\"https:\/\/www.w3.org\/2000\/svg\" viewbox=\"0 0 512 512\" aria-hidden=\"true\" focussable=\"false\"><path d=\"M502.6 278.6l-128 128c-12.51 12.51-32.76 12.49-45.25 0c-12.5-12.5-12.5-32.75 0-45.25L402.8 288H32C14.31 288 0 273.7 0 255.1S14.31 224 32 224h370.8l-73.38-73.38c-12.5-12.5-12.5-32.75 0-45.25s32.75-12.5 45.25 0l128 128C515.1 245.9 515.1 266.1 502.6 278.6z\"><\/path><\/svg><\/span><\/a><\/div><\/div>\n\n\n\n<div class=\"wp-block-uagb-buttons-child uagb-buttons__outer-wrap uagb-block-55088de0 wp-block-button\"><div class=\"uagb-button__wrapper\"><a class=\"uagb-buttons-repeater wp-block-button__link\" aria-label=\"\" href=\"#\" rel=\"follow noopener\" target=\"_self\" role=\"button\"><div class=\"uagb-button__link\">Contact us<\/div><\/a><\/div><\/div>\n<\/div><\/div>\n<\/div>\n\n\n\n<div class=\"wp-block-uagb-container uagb-block-a8425de0 alignfull uagb-is-root-container\"><div class=\"uagb-container-inner-blocks-wrap\">\n<div class=\"wp-block-uagb-container uagb-block-431b38a8\">\n<div class=\"wp-block-uagb-info-box uagb-block-c32e3fa2 uagb-infobox__content-wrap  uagb-infobox-icon-above-title uagb-infobox-image-valign-top\"><div class=\"uagb-ifb-content\"><div class=\"uagb-ifb-title-wrap\"><h2 class=\"uagb-ifb-title-prefix\">Your success, our goal.<\/h2><div class=\"uagb-ifb-separator\"><\/div><h4 class=\"uagb-ifb-title\">Our value proposal<\/h4><\/div><p class=\"uagb-ifb-desc translation-block\">At <strong><em>estrategiaCIMA<\/em> <\/strong> we offer professional services in finance, audit, compliance and digital services with the aim of optimizing your operations, reducing risks and potential fraud, identifying areas of opportunity and providing the tools to pursue sustainable growth.<\/p><\/div><\/div>\n<\/div>\n\n\n\n<div class=\"wp-block-uagb-container uagb-block-cca202fd\">\n<div class=\"wp-block-uagb-container uagb-block-a6a3e4ff\">\n<div class=\"wp-block-uagb-image alignleft uagb-block-aad17a09 wp-block-uagb-image--layout-default wp-block-uagb-image--effect-static wp-block-uagb-image--align-left\"><figure class=\"wp-block-uagb-image__figure\"><img decoding=\"async\" srcset=\"https:\/\/estrategiacima.com\/wp-content\/uploads\/2026\/03\/logo-muro-oficina-estrategiaCIMA.webp ,https:\/\/estrategiacima.com\/wp-content\/uploads\/2026\/03\/logo-muro-oficina-estrategiaCIMA.webp 780w, https:\/\/estrategiacima.com\/wp-content\/uploads\/2026\/03\/logo-muro-oficina-estrategiaCIMA.webp 360w\" sizes=\"auto, (max-width: 480px) 150px\" src=\"https:\/\/estrategiacima.com\/wp-content\/uploads\/2026\/03\/logo-muro-oficina-estrategiaCIMA.webp\" alt=\"logo-muro-oficina-estrategiaCIMA\" class=\"uag-image-4573\" width=\"512\" height=\"512\" title=\"logo muro oficina estrategiaCIMA\" loading=\"lazy\" role=\"img\"\/><\/figure><\/div>\n<\/div>\n<\/div>\n<\/div><\/div>\n\n\n\n<div class=\"wp-block-uagb-container uag-blocks-common-selector uagb-block-edbeb5ab alignfull uagb-is-root-container\"><div class=\"uagb-container-inner-blocks-wrap\">\n<div class=\"wp-block-uagb-info-box uagb-block-f7d55f89 uagb-infobox__content-wrap  uagb-infobox-icon-above-title uagb-infobox-image-valign-top\"><div class=\"uagb-ifb-content\"><div class=\"uagb-ifb-title-wrap\"><div class=\"uagb-ifb-separator\"><\/div><h2 class=\"uagb-ifb-title\">Personalized strategic diagnosis<\/h2><\/div><p class=\"uagb-ifb-desc\"><strong>Schedule your session and accelerate your company's growth with strategy, control, and innovation.<\/strong><\/p><div class=\"uagb-ifb-button-wrapper wp-block-button\"><a href=\"https:\/\/estrategiacima.com\/en\/contacto\/\" class=\"uagb-infobox-cta-link wp-block-button__link\" target=\"_self\" rel=\"noopener noreferrer\" onclick=\"return true;\"><span class=\"uagb-inline-editing\">Schedule for a preliminary analysis<\/span><svg xmlns=\"https:\/\/www.w3.org\/2000\/svg\" viewbox=\"0 0 512 512\"><path d=\"M504.3 273.6l-112.1 104c-6.992 6.484-17.18 8.218-25.94 4.406c-8.758-3.812-14.42-12.45-14.42-21.1L351.9 288H32C14.33 288 .0002 273.7 .0002 255.1S14.33 224 32 224h319.9l0-72c0-9.547 5.66-18.19 14.42-22c8.754-3.809 18.95-2.075 25.94 4.41l112.1 104C514.6 247.9 514.6 264.1 504.3 273.6z\"><\/path><\/svg><\/a><\/div><\/div><\/div>\n<\/div><\/div>\n\n\n\n<div class=\"wp-block-uagb-container uagb-block-bd36c232 alignfull uagb-is-root-container\"><div class=\"uagb-container-inner-blocks-wrap\">\n<div data-aos= \"fade-down\" data-aos-duration=\"400\" data-aos-delay=\"0\" data-aos-easing=\"ease\" data-aos-once=\"true\" class=\"wp-block-uagb-container uagb-block-e479fa8d\">\n<div class=\"wp-block-uagb-advanced-heading uagb-block-96191c56\"><h2 class=\"uagb-heading-text\">Our services<\/h2><div class=\"uagb-separator\"><\/div><\/div>\n\n\n\n<div class=\"wp-block-uagb-container uagb-layout-grid uagb-block-15e31857\">\n<div class=\"wp-block-uagb-image aligncenter uagb-block-4504c8ce wp-block-uagb-image--layout-default wp-block-uagb-image--effect-zoomin wp-block-uagb-image--align-center\"><figure class=\"wp-block-uagb-image__figure\"><img decoding=\"async\" srcset=\"https:\/\/estrategiacima.com\/wp-content\/uploads\/2026\/03\/servicio-auditoria-y-cumplimiento.png ,https:\/\/estrategiacima.com\/wp-content\/uploads\/2026\/03\/servicio-auditoria-y-cumplimiento.png 780w, https:\/\/estrategiacima.com\/wp-content\/uploads\/2026\/03\/servicio-auditoria-y-cumplimiento.png 360w\" sizes=\"auto, (max-width: 480px) 150px\" src=\"https:\/\/estrategiacima.com\/wp-content\/uploads\/2026\/03\/servicio-auditoria-y-cumplimiento.png\" alt=\"\" class=\"uag-image-4576\" width=\"290\" height=\"300\" title=\"\" loading=\"lazy\" role=\"presentation\"\/><\/figure><\/div>\n\n\n\n<div class=\"wp-block-uagb-info-box uagb-block-c37dd116 uagb-infobox__content-wrap  uagb-infobox-icon-above-title uagb-infobox-image-valign-top wp-block-uagb-info-box--has-margin\"><div class=\"uagb-infobox-margin-wrapper\"><div class=\"uagb-ifb-content\"><div class=\"uagb-ifb-title-wrap\"><span class=\"uagb-ifb-title-prefix\">Identify financial and administrative risks, strengthens internal control and regulatory compliance.<\/span><h3 class=\"uagb-ifb-title\">Audit and Compliance<\/h3><\/div><div class=\"uagb-ifb-separator\"><\/div><div class=\"uagb-ifb-button-wrapper wp-block-button\"><a href=\"https:\/\/estrategiacima.com\/en\/auditoria\/\" class=\"uagb-infobox-cta-link wp-block-button__link\" target=\"_self\" rel=\"noopener noreferrer\" onclick=\"return true;\"><span class=\"uagb-inline-editing\">Ver servicios de Auditor\u00eda&#8230;<\/span><\/a><\/div><\/div><\/div><\/div>\n<\/div>\n<\/div>\n\n\n\n<div class=\"wp-block-uagb-container uagb-block-82cffc71\">\n<div class=\"wp-block-uagb-container uagb-layout-grid uagb-block-60aca14d\">\n<div data-aos= \"fade-down\" data-aos-duration=\"400\" data-aos-delay=\"0\" data-aos-easing=\"ease\" data-aos-once=\"true\" class=\"wp-block-uagb-image uagb-block-74890a16 wp-block-uagb-image--layout-default wp-block-uagb-image--effect-zoomin wp-block-uagb-image--align-none\"><figure class=\"wp-block-uagb-image__figure\"><img decoding=\"async\" srcset=\"https:\/\/estrategiacima.com\/wp-content\/uploads\/2026\/03\/servicio-finanzas-empresariales.png ,https:\/\/estrategiacima.com\/wp-content\/uploads\/2026\/03\/servicio-finanzas-empresariales.png 780w, https:\/\/estrategiacima.com\/wp-content\/uploads\/2026\/03\/servicio-finanzas-empresariales.png 360w\" sizes=\"auto, (max-width: 480px) 150px\" src=\"https:\/\/estrategiacima.com\/wp-content\/uploads\/2026\/03\/servicio-finanzas-empresariales.png\" alt=\"servicio finanzas empresariales\" class=\"uag-image-4580\" width=\"290\" height=\"300\" title=\"servicio finanzas empresariales\" loading=\"lazy\" role=\"img\"\/><\/figure><\/div>\n\n\n\n<div data-aos= \"fade-down\" data-aos-duration=\"400\" data-aos-delay=\"0\" data-aos-easing=\"ease\" data-aos-once=\"true\" class=\"wp-block-uagb-info-box uagb-block-a802e043 uagb-infobox__content-wrap  uagb-infobox-icon-above-title uagb-infobox-image-valign-top wp-block-uagb-info-box--has-margin\"><div class=\"uagb-infobox-margin-wrapper\"><div class=\"uagb-ifb-content\"><div class=\"uagb-ifb-title-wrap\"><h1 class=\"uagb-ifb-title-prefix\"><br>Boost profitability by optimizing revenue, controlling costs, and supporting financial decisions based on reliable data.<\/h1><h2 class=\"uagb-ifb-title\">Financial advicesory<\/h2><\/div><div class=\"uagb-ifb-separator\"><\/div><div class=\"uagb-ifb-button-wrapper wp-block-button\"><a href=\"https:\/\/estrategiacima.com\/en\/finanzas\/\" class=\"uagb-infobox-cta-link wp-block-button__link\" target=\"_self\" rel=\"noopener noreferrer\" onclick=\"return true;\"><span class=\"uagb-inline-editing\">Ver servicios de Finanzas&#8230;<\/span><\/a><\/div><\/div><\/div><\/div>\n<\/div>\n\n\n\n<div class=\"wp-block-uagb-container uagb-layout-grid uagb-block-ed17649c\">\n<div data-aos= \"fade-down\" data-aos-duration=\"400\" data-aos-delay=\"0\" data-aos-easing=\"ease\" data-aos-once=\"true\" class=\"wp-block-uagb-image uagb-block-972f182b wp-block-uagb-image--layout-default wp-block-uagb-image--effect-zoomin wp-block-uagb-image--align-none\"><figure class=\"wp-block-uagb-image__figure\"><img decoding=\"async\" srcset=\"https:\/\/estrategiacima.com\/wp-content\/uploads\/2026\/03\/servicio-soluciones-digitales.png ,https:\/\/estrategiacima.com\/wp-content\/uploads\/2026\/03\/servicio-soluciones-digitales.png 780w, https:\/\/estrategiacima.com\/wp-content\/uploads\/2026\/03\/servicio-soluciones-digitales.png 360w\" sizes=\"auto, (max-width: 480px) 150px\" src=\"https:\/\/estrategiacima.com\/wp-content\/uploads\/2026\/03\/servicio-soluciones-digitales.png\" alt=\"\" class=\"uag-image-4584\" width=\"290\" height=\"300\" title=\"\" loading=\"lazy\" role=\"presentation\"\/><\/figure><\/div>\n\n\n\n<div data-aos= \"fade-down\" data-aos-duration=\"400\" data-aos-delay=\"0\" data-aos-easing=\"ease\" data-aos-once=\"true\" class=\"wp-block-uagb-info-box uagb-block-52c4fc50 uagb-infobox__content-wrap  uagb-infobox-icon-above-title uagb-infobox-image-valign-top\"><div class=\"uagb-ifb-content\"><div class=\"uagb-ifb-title-wrap\"><span class=\"uagb-ifb-title-prefix\">Branding, Web, SEO and Artificial Intelligence to boost your digital presence.<\/span><h3 class=\"uagb-ifb-title\">Digital solutions<\/h3><\/div><div class=\"uagb-ifb-separator\"><\/div><div class=\"uagb-ifb-button-wrapper wp-block-button\"><a href=\"https:\/\/estrategiacima.com\/en\/soluciones-digitales\/\" class=\"uagb-infobox-cta-link wp-block-button__link\" target=\"_self\" rel=\"noopener noreferrer\" onclick=\"return true;\"><span class=\"uagb-inline-editing\">Ver servicios de Soluciones digitales&#8230;<\/span><\/a><\/div><\/div><\/div>\n<\/div>\n<\/div>\n<\/div><\/div>\n\n\n\n<div class=\"wp-block-uagb-container uagb-block-ab2d8654 alignfull uagb-is-root-container\"><div class=\"uagb-container-inner-blocks-wrap\">\n<div class=\"wp-block-uagb-advanced-heading uagb-block-7a9d20e5\"><h2 class=\"uagb-heading-text\">Our team of specialists<\/h2><div class=\"uagb-separator\"><\/div><p class=\"uagb-desc-text\">Nos comprometemos a&nbsp;<strong>optimizar tus operaciones<\/strong>,&nbsp;<strong>reducir riesgos<\/strong>&nbsp;y proporcionar las herramientas necesarias para alcanzar un&nbsp;<strong>crecimiento sostenible y rentable<\/strong>&nbsp;en tu negocio.<\/p><\/div>\n\n\n\n<div class=\"wp-block-uagb-container uagb-block-f29e222e\">\n<div class=\"wp-block-uagb-container uagb-block-ec4fe87a\">\n<div class=\"wp-block-uagb-info-box uagb-block-f6035e12 uagb-infobox__content-wrap  uagb-infobox-icon-above-title uagb-infobox-image-valign-top\"><div class=\"uagb-ifb-content\"><div class=\"uagb-ifb-image-content\"><img decoding=\"async\" src=\"https:\/\/estrategiacima.com\/wp-content\/uploads\/2026\/02\/Leonardo-Flores.png\" alt=\"\" width=\"358\" height=\"429\" loading=\"lazy\"\/><\/div><div class=\"uagb-ifb-title-wrap\"><h4 class=\"uagb-ifb-title\">LCP. Leonardo Flores<\/h4><\/div><p class=\"uagb-ifb-desc\">Audit and Compliance<\/p><\/div><\/div>\n<\/div>\n\n\n\n<div class=\"wp-block-uagb-container uagb-block-d6dc72ed\">\n<div class=\"wp-block-uagb-info-box uagb-block-bbfe2869 uagb-infobox__content-wrap  uagb-infobox-icon-above-title uagb-infobox-image-valign-top\"><div class=\"uagb-ifb-content\"><div class=\"uagb-ifb-image-content\"><img decoding=\"async\" src=\"https:\/\/estrategiacima.com\/wp-content\/uploads\/2026\/02\/Antonio-Preciado-02.png\" alt=\"\" width=\"358\" height=\"429\" loading=\"lazy\"\/><\/div><div class=\"uagb-ifb-title-wrap\"><h4 class=\"uagb-ifb-title\">L.C. Antonio Preciado<\/h4><\/div><p class=\"uagb-ifb-desc\">Finance<\/p><\/div><\/div>\n<\/div>\n\n\n\n<div class=\"wp-block-uagb-container uagb-block-45a6bc3f\">\n<div class=\"wp-block-uagb-info-box uagb-block-89d60939 uagb-infobox__content-wrap  uagb-infobox-icon-above-title uagb-infobox-image-valign-top\"><div class=\"uagb-ifb-content\"><div class=\"uagb-ifb-image-content\"><img decoding=\"async\" src=\"https:\/\/estrategiacima.com\/wp-content\/uploads\/2026\/02\/Fabian-Martinez_01.png\" alt=\"\" width=\"358\" height=\"429\" loading=\"lazy\"\/><\/div><div class=\"uagb-ifb-title-wrap\"><h4 class=\"uagb-ifb-title\">ISC. Fabian Mart\u00ednez<\/h4><\/div><p class=\"uagb-ifb-desc\">Digital Solutions<\/p><\/div><\/div>\n<\/div>\n<\/div>\n<\/div><\/div>\n\n\n\n<div class=\"wp-block-uagb-container uagb-block-c8d52699 alignfull uagb-is-root-container\"><div class=\"uagb-container-inner-blocks-wrap\">\n<div class=\"wp-block-uagb-container uagb-block-6fcaade6\">\n<h2 class=\"wp-block-heading\">FAQ<\/h2>\n<\/div>\n\n\n\n<div class=\"wp-block-uagb-container uagb-block-ac6d1aad\"><div id=\"rank-math-faq\" class=\"rank-math-block\">\n<div class=\"rank-math-list\">\n<div id=\"faq-question-1774239798916\" class=\"rank-math-list-item\">\n<h3 class=\"rank-math-question\">What kind of companies does estrategiaCIMA help?<\/h3>\n<div class=\"rank-math-answer\">\n\n<p>We work with small and medium-sized enterprises (SMEs), as well as with entrepreneurs seeking to professionalize their structure and maximize their profitability in today's market.<\/p>\n\n<\/div>\n<\/div>\n<div id=\"faq-question-1774240536256\" class=\"rank-math-list-item\">\n<h3 class=\"rank-math-question\">What is the work process like at estrategiaCIMA?<\/h3>\n<div class=\"rank-math-answer\">\n\n<p>Our method is divided into three phases: Initial diagnosis to identify bottlenecks, Design of a tailored strategy, and Support in implementation to ensure tangible results.<\/p>\n\n<\/div>\n<\/div>\n<div id=\"faq-question-1774240551522\" class=\"rank-math-list-item\">\n<h3 class=\"rank-math-question\">Does estrategiaCIMA offer in-person or digital consulting?<\/h3>\n<div class=\"rank-math-answer\">\n\n<p>We offer hybrid consulting services. We can work 100% remotely using highly efficient digital tools or conduct in-person sessions depending on the project's location and needs.<\/p>\n\n<\/div>\n<\/div>\n<div id=\"faq-question-1774240603781\" class=\"rank-math-list-item\">\n<h3 class=\"rank-math-question\">Why choose estrategiaCIMA over other consulting firms?<\/h3>\n<div class=\"rank-math-answer\">\n\n<p>We focus on actionable solutions, not just theory. Our competitive advantage is our practical approach and close relationship with the client, ensuring that strategy becomes an operational reality.<\/p>\n\n<\/div>\n<\/div>\n<div id=\"faq-question-1774240615598\" class=\"rank-math-list-item\">\n<h3 class=\"rank-math-question\">What services does estrategiaCIMA offer?<\/h3>\n<div class=\"rank-math-answer\">\n\n<p>We offer specialized consulting in business strategy, process optimization, and digital transformation. We help companies scale their results through customized action plans and data analysis.<\/p>\n\n<\/div>\n<\/div>\n<\/div>\n<\/div><\/div>\n<\/div><\/div>\n\n\n\n<p><\/p>","protected":false},"excerpt":{"rendered":"<p>Asesor\u00eda en Finanzas, Auditor\u00eda y Estrategia Digital Impulsa tu empresa con decisiones estrat\u00e9gicas Acompa\u00f1amos a las empresas a crear valor y asegurar su cumplimiento normativo Nuestros servicios integrales Nuestro equipo de especialistas Nos comprometemos a&nbsp;optimizar tus operaciones,&nbsp;reducir riesgos&nbsp;y proporcionar las herramientas necesarias para alcanzar un&nbsp;crecimiento sostenible y rentable&nbsp;en tu negocio. Preguntas frecuentes<\/p>","protected":false},"author":1,"featured_media":0,"parent":0,"menu_order":0,"comment_status":"closed","ping_status":"closed","template":"","meta":{"om_disable_all_campaigns":false,"_uag_custom_page_level_css":"","_monsterinsights_skip_tracking":false,"_monsterinsights_sitenote_active":false,"_monsterinsights_sitenote_note":"","_monsterinsights_sitenote_category":0,"site-sidebar-layout":"no-sidebar","site-content-layout":"page-builder","ast-site-content-layout":"full-width-container","site-content-style":"unboxed","site-sidebar-style":"unboxed","ast-global-header-display":"","ast-banner-title-visibility":"","ast-main-header-display":"","ast-hfb-above-header-display":"","ast-hfb-below-header-display":"","ast-hfb-mobile-header-display":"","site-post-title":"disabled","ast-breadcrumbs-content":"","ast-featured-img":"disabled","footer-sml-layout":"","ast-disable-related-posts":"","theme-transparent-header-meta":"enabled","adv-header-id-meta":"","stick-header-meta":"","header-above-stick-meta":"","header-main-stick-meta":"","header-below-stick-meta":"","astra-migrate-meta-layouts":"set","ast-page-background-enabled":"default","ast-page-background-meta":{"desktop":{"background-color":"","background-image":"","background-repeat":"repeat","background-position":"center center","background-size":"auto","background-attachment":"scroll","background-type":"","background-media":"","overlay-type":"","overlay-color":"","overlay-opacity":"","overlay-gradient":""},"tablet":{"background-color":"","background-image":"","background-repeat":"repeat","background-position":"center center","background-size":"auto","background-attachment":"scroll","background-type":"","background-media":"","overlay-type":"","overlay-color":"","overlay-opacity":"","overlay-gradient":""},"mobile":{"background-color":"","background-image":"","background-repeat":"repeat","background-position":"center center","background-size":"auto","background-attachment":"scroll","background-type":"","background-media":"","overlay-type":"","overlay-color":"","overlay-opacity":"","overlay-gradient":""}},"ast-content-background-meta":{"desktop":{"background-color":"var(--ast-global-color-4)","background-image":"","background-repeat":"repeat","background-position":"center center","background-size":"auto","background-attachment":"scroll","background-type":"","background-media":"","overlay-type":"","overlay-color":"","overlay-opacity":"","overlay-gradient":""},"tablet":{"background-color":"var(--ast-global-color-4)","background-image":"","background-repeat":"repeat","background-position":"center center","background-size":"auto","background-attachment":"scroll","background-type":"","background-media":"","overlay-type":"","overlay-color":"","overlay-opacity":"","overlay-gradient":""},"mobile":{"background-color":"var(--ast-global-color-4)","background-image":"","background-repeat":"repeat","background-position":"center center","background-size":"auto","background-attachment":"scroll","background-type":"","background-media":"","overlay-type":"","overlay-color":"","overlay-opacity":"","overlay-gradient":""}},"footnotes":""},"class_list":["post-1815","page","type-page","status-publish","hentry"],"_hostinger_reach_plugin_has_subscription_block":false,"_hostinger_reach_plugin_is_elementor":false,"uagb_featured_image_src":{"full":false,"thumbnail":false,"medium":false,"medium_large":false,"large":false,"1536x1536":false,"2048x2048":false,"trp-custom-language-flag":false},"uagb_author_info":{"display_name":"administracion@estrategiacima.com","author_link":"https:\/\/estrategiacima.com\/en\/author\/administracionestrategiacima-com\/"},"uagb_comment_info":0,"uagb_excerpt":"Asesor\u00eda en Finanzas, Auditor\u00eda y Estrategia Digital Impulsa tu empresa con decisiones estrat\u00e9gicas Acompa\u00f1amos a las empresas a crear valor y asegurar su cumplimiento normativo Nuestros servicios integrales Nuestro equipo de especialistas Nos comprometemos a&nbsp;optimizar tus operaciones,&nbsp;reducir riesgos&nbsp;y proporcionar las herramientas necesarias para alcanzar un&nbsp;crecimiento sostenible y rentable&nbsp;en tu negocio. Preguntas frecuentes","_links":{"self":[{"href":"https:\/\/estrategiacima.com\/en\/wp-json\/wp\/v2\/pages\/1815","targetHints":{"allow":["GET"]}}],"collection":[{"href":"https:\/\/estrategiacima.com\/en\/wp-json\/wp\/v2\/pages"}],"about":[{"href":"https:\/\/estrategiacima.com\/en\/wp-json\/wp\/v2\/types\/page"}],"author":[{"embeddable":true,"href":"https:\/\/estrategiacima.com\/en\/wp-json\/wp\/v2\/users\/1"}],"replies":[{"embeddable":true,"href":"https:\/\/estrategiacima.com\/en\/wp-json\/wp\/v2\/comments?post=1815"}],"version-history":[{"count":119,"href":"https:\/\/estrategiacima.com\/en\/wp-json\/wp\/v2\/pages\/1815\/revisions"}],"predecessor-version":[{"id":4639,"href":"https:\/\/estrategiacima.com\/en\/wp-json\/wp\/v2\/pages\/1815\/revisions\/4639"}],"wp:attachment":[{"href":"https:\/\/estrategiacima.com\/en\/wp-json\/wp\/v2\/media?parent=1815"}],"curies":[{"name":"wp","href":"https:\/\/api.w.org\/{rel}","templated":true}]}}